{"id":15,"date":"2024-03-06T11:14:44","date_gmt":"2024-03-06T11:14:44","guid":{"rendered":"https:\/\/jolaszymanska.pl\/?page_id=15"},"modified":"2024-03-06T12:33:32","modified_gmt":"2024-03-06T12:33:32","slug":"o-mnie","status":"publish","type":"page","link":"https:\/\/jolaszymanska.pl\/","title":{"rendered":"O MNIE"},"content":{"rendered":"\n<div class=\"wp-block-media-text is-stacked-on-mobile is-vertically-aligned-top\" style=\"grid-template-columns:48% auto\"><figure class=\"wp-block-media-text__media\"><img loading=\"lazy\" decoding=\"async\" width=\"819\" height=\"1024\" src=\"https:\/\/jolaszymanska.pl\/wp-content\/uploads\/2024\/03\/IMG_8941-819x1024.jpg\" alt=\"\" class=\"wp-image-40 size-full\" srcset=\"https:\/\/jolaszymanska.pl\/wp-content\/uploads\/2024\/03\/IMG_8941-819x1024.jpg 819w, https:\/\/jolaszymanska.pl\/wp-content\/uploads\/2024\/03\/IMG_8941-240x300.jpg 240w, https:\/\/jolaszymanska.pl\/wp-content\/uploads\/2024\/03\/IMG_8941-768x960.jpg 768w, https:\/\/jolaszymanska.pl\/wp-content\/uploads\/2024\/03\/IMG_8941-1229x1536.jpg 1229w, https:\/\/jolaszymanska.pl\/wp-content\/uploads\/2024\/03\/IMG_8941-1140x1425.jpg 1140w, https:\/\/jolaszymanska.pl\/wp-content\/uploads\/2024\/03\/IMG_8941.jpg 1638w\" sizes=\"auto, (max-width: 819px) 100vw, 819px\" \/><\/figure><div class=\"wp-block-media-text__content\">\n<h2 class=\"wp-block-heading\"><strong>Cze\u015b\u0107, nazywam si\u0119 Jola Szyma\u0144ska.<\/strong><\/h2>\n\n\n\n<p><\/p>\n\n\n\n<p><strong>Prowadz\u0119 <a href=\"https:\/\/www.youtube.com\/channel\/UC5Oa2OCBqyxK1j4UvbnBe8A\" target=\"_blank\" rel=\"noreferrer noopener\">kana\u0142 YouTube<\/a> i <\/strong><a href=\"https:\/\/www.instagram.com\/jola_szymanska\/\" target=\"_blank\" rel=\"noreferrer noopener\"><strong>konto na Instagramie<\/strong><\/a><strong>, na kt\u00f3rych&nbsp;opowiadam o moim \u017cyciu po psychoterapii oraz moich pasjach &#8211; kolorowych wn\u0119trzach, dzierganiu i ksi\u0105\u017ckach.<\/strong> Znajdziesz u mnie vlogi, pogadanki i mas\u0119 codziennych inspiracji.<\/p>\n\n\n\n<p><strong>Jestem te\u017c autork\u0105<\/strong> <strong><a href=\"https:\/\/www.instagram.com\/tezodchodze\/\" data-type=\"link\" data-id=\"https:\/\/www.instagram.com\/tezodchodze\/\" target=\"_blank\" rel=\"noreferrer noopener\">podcastu Te\u017c Odchodz\u0119<\/a><\/strong> (dost\u0119pnego na <a href=\"https:\/\/open.spotify.com\/show\/6gHvlkcwjIam9ZQ88TJ2Of?si=6jcxHJLrQlGU6QsLSx374A&amp;dl_branch=1&amp;nd=1&amp;dlsi=b4ed269658394f65\" data-type=\"link\" data-id=\"https:\/\/open.spotify.com\/show\/6gHvlkcwjIam9ZQ88TJ2Of?si=6jcxHJLrQlGU6QsLSx374A&amp;dl_branch=1&amp;nd=1&amp;dlsi=b4ed269658394f65\" target=\"_blank\" rel=\"noreferrer noopener\">Spotify<\/a> i <a href=\"https:\/\/www.youtube.com\/playlist?list=PLvlTxAoomwFfVGZEgX7-nymWtqVr89ezc\" data-type=\"link\" data-id=\"https:\/\/www.youtube.com\/playlist?list=PLvlTxAoomwFfVGZEgX7-nymWtqVr89ezc\" target=\"_blank\" rel=\"noreferrer noopener\">YouTube<\/a>)&nbsp;o procesie odchodzenia i\/lub dystansowania si\u0119 do Ko\u015bcio\u0142a katolickiego oraz reporta\u017cy <a href=\"https:\/\/www.tygodnikpowszechny.pl\/odczarowanie-159944\" data-type=\"link\" data-id=\"https:\/\/www.tygodnikpowszechny.pl\/odczarowanie-159944\" target=\"_blank\" rel=\"noreferrer noopener\"><em>Odczarowanie<\/em><\/a>&nbsp;i <a href=\"https:\/\/www.tygodnikpowszechny.pl\/ale-nas-zbaw-ode-zlego-164359\" data-type=\"link\" data-id=\"https:\/\/www.tygodnikpowszechny.pl\/ale-nas-zbaw-ode-zlego-164359\" target=\"_blank\" rel=\"noreferrer noopener\"><em>Ale nas zbaw ode z\u0142ego<\/em><\/a>, opublikowanych w Tygodniku Powszechnym.<\/p>\n\n\n\n<p>W 2015 roku uko\u0144czy\u0142am&nbsp;prawo&nbsp;na Uniwersytecie Jagiello\u0144skim, w 2019 \u2013 Polsk\u0105 Szko\u0142\u0119 Reporta\u017cu w Warszawie.&nbsp;Od pocz\u0105tku 2019 roku, <a href=\"https:\/\/patronite.pl\/jolaszymanska\" target=\"_blank\" rel=\"noreferrer noopener\">dzi\u0119ki wsparciu Patronek i Patron\u00f3w<\/a>, dzia\u0142am i tworz\u0119 niezale\u017cnie.<\/p>\n\n\n\n<p><strong>Bliskie s\u0105 mi warto\u015bci feministyczne i humanistyczne. Wierz\u0119 we wra\u017cliwo\u015b\u0107.<\/strong><\/p>\n<\/div><\/div>\n","protected":false},"excerpt":{"rendered":"<p>Cze\u015b\u0107, nazywam si\u0119 Jola Szyma\u0144ska. Prowadz\u0119 kana\u0142 YouTube i konto na Instagramie, na kt\u00f3rych&nbsp;opowiadam o moim \u017cyciu po psychoterapii oraz moich pasjach &#8211; kolorowych wn\u0119trzach, dzierganiu i ksi\u0105\u017ckach. Znajdziesz u mnie vlogi, pogadanki i mas\u0119 codziennych inspiracji. Jestem te\u017c autork\u0105 podcastu Te\u017c Odchodz\u0119 (dost\u0119pnego na Spotify i YouTube)&nbsp;o procesie odchodzenia i\/lub dystansowania si\u0119 do Ko\u015bcio\u0142a katolickiego oraz reporta\u017cy Odczarowanie&nbsp;i Ale nas zbaw ode z\u0142ego, opublikowanych w Tygodniku Powszechnym. W 2015 roku uko\u0144czy\u0142am&nbsp;prawo&nbsp;na Uniwersytecie Jagiello\u0144skim, w 2019 \u2013 Polsk\u0105 Szko\u0142\u0119 Reporta\u017cu w Warszawie.&nbsp;Od pocz\u0105tku 2019 roku, dzi\u0119ki wsparciu Patronek i Patron\u00f3w, dzia\u0142am i tworz\u0119 niezale\u017cnie. Bliskie s\u0105 mi warto\u015bci feministyczne i humanistyczne. Wierz\u0119 we wra\u017cliwo\u015b\u0107.<\/p>\n","protected":false},"author":1,"featured_media":0,"parent":0,"menu_order":0,"comment_status":"closed","ping_status":"closed","template":"","meta":{"footnotes":""},"class_list":["post-15","page","type-page","status-publish","hentry"],"_links":{"self":[{"href":"https:\/\/jolaszymanska.pl\/index.php\/wp-json\/wp\/v2\/pages\/15","targetHints":{"allow":["GET"]}}],"collection":[{"href":"https:\/\/jolaszymanska.pl\/index.php\/wp-json\/wp\/v2\/pages"}],"about":[{"href":"https:\/\/jolaszymanska.pl\/index.php\/wp-json\/wp\/v2\/types\/page"}],"author":[{"embeddable":true,"href":"https:\/\/jolaszymanska.pl\/index.php\/wp-json\/wp\/v2\/users\/1"}],"replies":[{"embeddable":true,"href":"https:\/\/jolaszymanska.pl\/index.php\/wp-json\/wp\/v2\/comments?post=15"}],"version-history":[{"count":12,"href":"https:\/\/jolaszymanska.pl\/index.php\/wp-json\/wp\/v2\/pages\/15\/revisions"}],"predecessor-version":[{"id":73,"href":"https:\/\/jolaszymanska.pl\/index.php\/wp-json\/wp\/v2\/pages\/15\/revisions\/73"}],"wp:attachment":[{"href":"https:\/\/jolaszymanska.pl\/index.php\/wp-json\/wp\/v2\/media?parent=15"}],"curies":[{"name":"wp","href":"https:\/\/api.w.org\/{rel}","templated":true}]}}