{"id":17,"date":"2024-03-06T11:14:08","date_gmt":"2024-03-06T11:14:08","guid":{"rendered":"https:\/\/jolaszymanska.pl\/?page_id=17"},"modified":"2024-03-06T12:22:13","modified_gmt":"2024-03-06T12:22:13","slug":"wspolpraca","status":"publish","type":"page","link":"https:\/\/jolaszymanska.pl\/index.php\/wspolpraca\/","title":{"rendered":"WSP\u00d3\u0141PRACA"},"content":{"rendered":"\n<p><strong>1) Wsp\u00f3\u0142pracuj\u0119 z markami i wydawnictwami, kt\u00f3rych warto\u015bci i produkty s\u0105 sp\u00f3jne z tre\u015bciami na moich kana\u0142ach:<\/strong><\/p>\n\n\n\n<ul class=\"wp-block-list\">\n<li><a href=\"https:\/\/www.youtube.com\/channel\/UC5Oa2OCBqyxK1j4UvbnBe8A\" target=\"_blank\" rel=\"noreferrer noopener\"><strong>YouTube<\/strong><\/a> (65 tys. obserwator\u00f3w)<\/li>\n\n\n\n<li>i <a href=\"https:\/\/www.instagram.com\/jola_szymanska\/\" data-type=\"link\" data-id=\"https:\/\/www.instagram.com\/jola_szymanska\/\" target=\"_blank\" rel=\"noreferrer noopener\"><strong>Instagram<\/strong><\/a> (70 tys. obserwator\u00f3w).<\/li>\n<\/ul>\n\n\n\n<p><strong>Warto\u015bci i odniesienia, kt\u00f3re s\u0105 mi szczeg\u00f3lnie bliskie:<\/strong> wzajemny szacunek, zdrowie psychiczne, warto\u015b\u0107 ka\u017cdego cz\u0142owieka, poczucie w\u0142asnej warto\u015bci, z\u0142o\u017cono\u015b\u0107 rzeczywisto\u015bci (pokazywanie szaro\u015bci pomi\u0119dzy czerni\u0105 i biel\u0105), nier\u00f3wno\u015bci spo\u0142eczne, feminizm; rado\u015b\u0107, nadzieja i to, co pomaga je w sobie odnale\u017a\u0107; szukanie w\u0142asnej, niepowtarzalnej drogi, naturalno\u015b\u0107, autentyczno\u015b\u0107, szczero\u015b\u0107, wra\u017cliwo\u015b\u0107, niedoskona\u0142o\u015b\u0107, akceptacja siebie, asertywno\u015b\u0107, \u015bwiadomie budowane relacje, odkrywanie pasji, bezinteresowno\u015b\u0107, ekologia, \u015brodowisko naturalne, ro\u015blinne jedzenie.<\/p>\n\n\n\n<p><strong>2) Wsp\u00f3\u0142pracuj\u0119 tak\u017ce realizuj\u0105c materia\u0142y wideo (nagrania promocyjne, wywiady) dla kana\u0142\u00f3w zewn\u0119trznych.<\/strong><\/p>\n\n\n\n<p class=\"has-text-align-center\">&nbsp;____________________________<\/p>\n\n\n\n<p class=\"has-text-align-center\"><strong>Kontakt w sprawie wsp\u00f3\u0142pracy:<\/strong><\/p>\n\n\n\n<p class=\"has-text-align-center\">jolaszymanska.kontakt@gmail.com<\/p>\n","protected":false},"excerpt":{"rendered":"<p>1) Wsp\u00f3\u0142pracuj\u0119 z markami i wydawnictwami, kt\u00f3rych warto\u015bci i produkty s\u0105 sp\u00f3jne z tre\u015bciami na moich kana\u0142ach: Warto\u015bci i odniesienia, kt\u00f3re s\u0105 mi szczeg\u00f3lnie bliskie: wzajemny szacunek, zdrowie psychiczne, warto\u015b\u0107 ka\u017cdego cz\u0142owieka, poczucie w\u0142asnej warto\u015bci, z\u0142o\u017cono\u015b\u0107 rzeczywisto\u015bci (pokazywanie szaro\u015bci pomi\u0119dzy czerni\u0105 i biel\u0105), nier\u00f3wno\u015bci spo\u0142eczne, feminizm; rado\u015b\u0107, nadzieja i to, co pomaga je w sobie odnale\u017a\u0107; szukanie w\u0142asnej, niepowtarzalnej drogi, naturalno\u015b\u0107, autentyczno\u015b\u0107, szczero\u015b\u0107, wra\u017cliwo\u015b\u0107, niedoskona\u0142o\u015b\u0107, akceptacja siebie, asertywno\u015b\u0107, \u015bwiadomie budowane relacje, odkrywanie pasji, bezinteresowno\u015b\u0107, ekologia, \u015brodowisko naturalne, ro\u015blinne jedzenie. 2) Wsp\u00f3\u0142pracuj\u0119 tak\u017ce realizuj\u0105c materia\u0142y wideo (nagrania promocyjne, wywiady) dla kana\u0142\u00f3w zewn\u0119trznych. &nbsp;____________________________ Kontakt w sprawie wsp\u00f3\u0142pracy: jolaszymanska.kontakt@gmail.com<\/p>\n","protected":false},"author":1,"featured_media":0,"parent":0,"menu_order":0,"comment_status":"closed","ping_status":"closed","template":"","meta":{"footnotes":""},"class_list":["post-17","page","type-page","status-publish","hentry"],"_links":{"self":[{"href":"https:\/\/jolaszymanska.pl\/index.php\/wp-json\/wp\/v2\/pages\/17","targetHints":{"allow":["GET"]}}],"collection":[{"href":"https:\/\/jolaszymanska.pl\/index.php\/wp-json\/wp\/v2\/pages"}],"about":[{"href":"https:\/\/jolaszymanska.pl\/index.php\/wp-json\/wp\/v2\/types\/page"}],"author":[{"embeddable":true,"href":"https:\/\/jolaszymanska.pl\/index.php\/wp-json\/wp\/v2\/users\/1"}],"replies":[{"embeddable":true,"href":"https:\/\/jolaszymanska.pl\/index.php\/wp-json\/wp\/v2\/comments?post=17"}],"version-history":[{"count":4,"href":"https:\/\/jolaszymanska.pl\/index.php\/wp-json\/wp\/v2\/pages\/17\/revisions"}],"predecessor-version":[{"id":62,"href":"https:\/\/jolaszymanska.pl\/index.php\/wp-json\/wp\/v2\/pages\/17\/revisions\/62"}],"wp:attachment":[{"href":"https:\/\/jolaszymanska.pl\/index.php\/wp-json\/wp\/v2\/media?parent=17"}],"curies":[{"name":"wp","href":"https:\/\/api.w.org\/{rel}","templated":true}]}}