{"id":21,"date":"2024-03-06T11:11:14","date_gmt":"2024-03-06T11:11:14","guid":{"rendered":"https:\/\/jolaszymanska.pl\/?page_id=21"},"modified":"2024-03-06T12:17:04","modified_gmt":"2024-03-06T12:17:04","slug":"polityka-prywatnosci","status":"publish","type":"page","link":"https:\/\/jolaszymanska.pl\/index.php\/polityka-prywatnosci\/","title":{"rendered":"POLITYKA PRYWATNO\u015aCI"},"content":{"rendered":"\n<h2 class=\"wp-block-heading\">Mi\u0142o Ci\u0119 tu widzie\u0107,<\/h2>\n\n\n\n<p><strong>To dla mnie znak, \u017ce ochrona prywatno\u015bci jest dla Ciebie wa\u017cna i nale\u017cysz do w\u0105skiego grona odbiorc\u00f3w tre\u015bci internetowych, kt\u00f3rzy maj\u0105 \u015bwiadomo\u015b\u0107 jak istotnym kapita\u0142em s\u0105 dane osobowe.\u00a0<\/strong><\/p>\n\n\n\n<p>W dokumencie znajdziesz zasady przetwarzania danych osobowych oraz wykorzystywania plik\u00f3w cookies i innych technologii w zwi\u0105zku z&nbsp;korzystaniem ze strony internetowej www.jolaszymanska.pl.&nbsp; &nbsp;<\/p>\n\n\n\n<p><strong>POLITYKA PRYWATNO\u015aCI W SKR\u00d3CIE<\/strong><\/p>\n\n\n\n<ul class=\"wp-block-list\">\n<li>Administratorem danych osobowych jest Jolanta Szyma\u0144ska-Koperniak.<\/li>\n\n\n\n<li>W razie jakichkolwiek pyta\u0144 zwi\u0105zanych z Polityk\u0105 Prywatno\u015bci strony internetowej www.jolaszymanska.pl w ka\u017cdej chwili mo\u017cesz skontaktowa\u0107 si\u0119 ze mn\u0105 pod adresem e-mailowym:&nbsp;jolaszymanska.kontakt@gmail.com.&nbsp;<\/li>\n\n\n\n<li>Masz tak\u017ce prawo do \u017c\u0105dania udost\u0119pnienia Ci informacji o tym, jakie Twoje dane posiadam oraz w jakich celach je przetwarzam. W tym celu mo\u017cesz skontaktowa\u0107 si\u0119 ze mn\u0105 pod adresem e-mailowym: jolaszymanska.kontakt@gmail.com.&nbsp;<\/li>\n\n\n\n<li>Zale\u017cy mi na tym \u017ceby\u015b by\u0142a\/by\u0142 \u015bwiadomy, \u017ce kontaktuj\u0105c si\u0119 ze mn\u0105 poprzez poczt\u0119 e-mail czy dodaj\u0105c komentarz na mojej stronie internetowej przekazujesz mi swoje dane osobowe.&nbsp;<\/li>\n\n\n\n<li>Ze swojej strony mog\u0119 Ci zagwarantowa\u0107, \u017ce dok\u0142adam wszelkiej staranno\u015bci, aby Twoje dane by\u0142y bezpieczne i nie by\u0142y przekazywane podmiotom trzecim bez Twojej uprzedniej, wyra\u017anej zgody.&nbsp;<\/li>\n<\/ul>\n\n\n\n<p><strong>PODSTAWOWE ZASADY<\/strong><\/p>\n\n\n\n<ul class=\"wp-block-list\">\n<li>Korzystanie ze strony internetowej www.jolaszymanska.pl jest dobrowolne.&nbsp;<\/li>\n\n\n\n<li>Nie jeste\u015b te\u017c zobowi\u0105zana\/zobowi\u0105zany do przekazywanie mi swoich danych. Zale\u017cy mi jednak na tym, \u017ceby\u015b by\u0142a\/by\u0142 \u015bwiadomy, \u017ce nie podanie pewnych informacji mo\u017ce wi\u0105za\u0107 si\u0119 z brakiem mo\u017cliwo\u015bci osi\u0105gni\u0119cia zamierzonego celu, np. pozostawienia komentarza pod artyku\u0142em czy materia\u0142em video.&nbsp;<\/li>\n\n\n\n<li>Dok\u0142adam wszelkiej staranno\u015bci, \u017ceby Twoje dane pozosta\u0142y poufne i bezpieczne.&nbsp;<\/li>\n\n\n\n<li>Strona internetowej www.jolaszymanska.pl wykorzystuje pliki cookies w celu prawid\u0142owego dzia\u0142ania.&nbsp;<\/li>\n\n\n\n<li>Korzystam z narz\u0119dzi analitycznych, takich jak Google Analytics, kt\u00f3re zbieraj\u0105 anonimowe informacje na temat np. czasu, kt\u00f3ry sp\u0119dzasz na mojej stronie. W tym celu wykorzystywane s\u0105 pliki cookies firmy Google dotycz\u0105ce us\u0142ugi Google Analytics.&nbsp;<\/li>\n\n\n\n<li>Korzystam tak\u017ce z Facebook Pixel, czyli narz\u0119dzia marketingowego, kt\u00f3rego celem jest kierowanie do Ciebie spersonalizowanych reklam w serwisie spo\u0142eczno\u015bciowym Facebook oraz mierzenie ich skuteczno\u015bci. Oznacza to wykorzystywaniem plik\u00f3w cookies serwisu Facebook.&nbsp;<\/li>\n\n\n\n<li>Zapewniam mo\u017cliwo\u015b\u0107 korzystania z funkcji spo\u0142eczno\u015bciowych, takich jak udost\u0119pnianie tre\u015bci w serwisach spo\u0142eczno\u015bciowych oraz subskrypcja profilu spo\u0142eczno\u015bciowego. Korzystanie z tych funkcji mo\u017ce wi\u0105za\u0107 si\u0119 z&nbsp;wykorzystywaniem plik\u00f3w cookies administrator\u00f3w serwis\u00f3w spo\u0142eczno\u015bciowych tj. Facebook, Instagram, LinkedIn, YouTube, Twitter oraz Google+.&nbsp;<\/li>\n\n\n\n<li>W przypadku odtwarzania na stronie internetowej <a href=\"https:\/\/web.archive.org\/web\/20220807200018\/http:\/\/www.jolaszymanska.pl\/\">www.jolaszymanska.pl<\/a> materia\u0142\u00f3w umieszczonych na serwisie YouTube informuj\u0119 o mo\u017cliwo\u015bci instalacji plik\u00f3w cookies firmy Google LLC dotycz\u0105cych us\u0142ugi YouTube.&nbsp;<\/li>\n\n\n\n<li>Na stronie internetowej <a href=\"https:\/\/web.archive.org\/web\/20220807200018\/http:\/\/www.jolaszymanska.pl\/\">www.jolaszymanska.pl<\/a> jest mo\u017cliwo\u015b\u0107 pozostawienia komentarza przez odwiedzaj\u0105cego stron\u0119. Wszelkie udost\u0119pniane dane w celu pozostawienia komentarza s\u0105 przekazywane dobrowolnie. Je\u015bli jednak zdecydujesz si\u0119 na pozostawienie komentarza podanie adresu e-mail oraz nazwy jest obowi\u0105zkowe.<\/li>\n<\/ul>\n\n\n\n<p><strong>DANE OSOBOWE<\/strong><\/p>\n\n\n\n<ul class=\"wp-block-list\">\n<li>Administratorem&nbsp;Twoich danych osobowych w rozumieniu przepis\u00f3w o ochronie danych osobowych jest: Jolanta Szyma\u0144ska-Koperniak.<\/li>\n\n\n\n<li>Jestem \u015bwiadoma zagro\u017ce\u0144 wynikaj\u0105cych z przetwarzania danych osobowych poprzez korzystanie z sieci Internet. Do\u0142o\u017cy\u0142am jednak wszelkich stara\u0144, aby zapewni\u0107 odpowiedni spos\u00f3b ochrony Twoich danych oraz ich bezpiecze\u0144stwa. Zapewniam Ci\u0119, \u017ce Twoje dane osobowe s\u0105 gromadzone z nale\u017cyt\u0105 staranno\u015bci\u0105 i odpowiednio chronione przed dost\u0119pem do nich przez osoby do tego nieupowa\u017cnione.<\/li>\n\n\n\n<li>Nie wszystkie uprawnienie b\u0119d\u0105 przys\u0142ugiwa\u0107 Ci bezwzgl\u0119dnie i w stosunku do wszystkich czynno\u015bci zwi\u0105zanych z przetwarzaniem Twoich danych osobowych.&nbsp;<\/li>\n\n\n\n<li>Zawsze mo\u017cesz jednak zwr\u00f3ci\u0107 si\u0119 do mnie z \u017c\u0105daniem pod adresem jolaszymanska.kontakt@gmail.com o udost\u0119pnienie Ci informacji o tym, jakie dane na Tw\u00f3j temat posiadam oraz w jakich celach je przetwarzam.&nbsp;<\/li>\n<\/ul>\n\n\n\n<p><strong>PRZETWARZANIE DANYCH&nbsp;<\/strong><\/p>\n\n\n\n<p>1. Dane osobowe przekazywane przez Ciebie w ramach funkcjonowania strony internetowej www.jolaszymanska.pl mog\u0105 by\u0107 przetwarzane w nast\u0119puj\u0105cych celach i na nast\u0119puj\u0105cych podstawach prawnych:<\/p>\n\n\n\n<ul class=\"wp-block-list\">\n<li><strong>Zamieszczenie komentarza na stronie&nbsp; <\/strong>w tym celu jeste\u015b zobowi\u0105zany do wype\u0142nienia formularza i podania adresu e-mail oraz nazwy. Podanie danych jest dobrowolne, ale niezb\u0119dne, by doda\u0107 komentarz. System komentarzy obs\u0142ugiwany jest przez WordPress. Dane przekazane podczas dodawania komentarza wykorzystywane s\u0105 w celu opublikowania komentarza na stronie. Podstaw\u0105 prawn\u0105 ich przetwarzania jest Twoja zgoda wynikaj\u0105ca z dodania komentarza \u2013 art. 6 ust. 1 lit. a, RODO. Dane b\u0119d\u0105 przetwarzane przez czas wy\u015bwietlania komentarzy na blogu, chyba \u017ce wcze\u015bniej poprosisz o usuni\u0119cie komentarza.<\/li>\n\n\n\n<li><strong>Kontaktuj\u0105c si\u0119 ze mn\u0105 za po\u015brednictwem poczty elektronicznej e-mail,<\/strong> tym sposobem przekazujesz mi sw\u00f3j adres e-mail. Podanie tych danych jest dobrowolne, ale niezb\u0119dne, by nawi\u0105za\u0107 ze mn\u0105 kontakt. Twoje dane s\u0105 w tym przypadku przetwarzane w celu kontaktu z Tob\u0105, a podstaw\u0105 przetwarzania jest art. 6 ust. 1 lit. a, RODO, czyli Twoja zgoda wynikaj\u0105ca z zainicjowania kontaktu. Twoje dane b\u0119d\u0105 przetwarzane tak\u017ce po zako\u0144czeniu kontaktu ze mn\u0105. Podstaw\u0105 prawn\u0105 takiego przetwarzania jest usprawiedliwiony cel w postaci archiwizacji korespondencji na potrzeby wykazania jej przebiegu w przysz\u0142o\u015bci (art. 6 ust. 1 lit. f , RODO).&nbsp;<\/li>\n\n\n\n<li><strong>Tworzenia rejestr\u00f3w czynno\u015bci przetwarzania danych i ewidencji wynikaj\u0105cych z RODO,<\/strong> jest to obowi\u0105zek wynikaj\u0105cy z przepis\u00f3w prawa \u2013 art. 6 ust. 1 lit. c, RODO oraz wynikaj\u0105cy z tre\u015bci art. 6 ust. 1 lit. f, RODO, czyli mojego jako administratora tej strony prawnie uzasadnionego interesu.&nbsp;<\/li>\n\n\n\n<li><strong>Analizowanie danych zbieranych automatycznie przy korzystaniu ze strony internetowej, w tym plik\u00f3w cookies, <\/strong>w tym wypadku Twoje dane s\u0105 przetwarzane na podstawie art. 6 ust. 1 lit. f,&nbsp; RODO, czyli prawnie uzasadnionego interesu administratora.&nbsp;<\/li>\n\n\n\n<li><strong>Wykorzystywania plik\u00f3w cookies, <\/strong>podstaw\u0105 jest tre\u015b\u0107 art. art. 6 ust. 1 lit. a,&nbsp; RODO, czyli Twoja zgoda.<\/li>\n\n\n\n<li><strong>Zarz\u0105dzanie stron\u0105 internetow\u0105 i innymi stronami\/grupami na zewn\u0119trznych platformach np. Facebook, <\/strong>jest to moje uprawnienie realizowane na podstawie art. 6 ust. 1 lit. f, RODO \u2013 prawnie uzasadniony interes administratora.<\/li>\n\n\n\n<li><strong>Archiwalnym i dowodowym, na potrzeby zabezpieczenia informacji, kt\u00f3re mog\u0105 s\u0142u\u017cy\u0107 wykazywaniu fakt\u00f3w,<\/strong> jest to m\u00f3j jako administratora danych osobowych prawnie uzasadniony interes, zgodnie z tre\u015bci\u0105 art. 6 ust. 1 lit. f,&nbsp; RODO.&nbsp;<\/li>\n\n\n\n<li><strong>Analitycznym, kt\u00f3ry polega mi\u0119dzy innymi na analizowaniu danych, kt\u00f3re zbierane s\u0105 automatycznie przy korzystaniu ze strony internetowej<\/strong>, w tym cookies np. cookies Google Analytics, Pixel Facebooka\u2014 na podstawie art. 6 ust. 1 lit. f,&nbsp; RODO, czyli prawnie uzasadnionego interesu administratora w postaci marketingu w\u0142asnych produkt\u00f3w lub us\u0142ug.&nbsp;<\/li>\n<\/ul>\n\n\n\n<p>2. RODO przyznaje Ci nast\u0119puj\u0105ce uprawnienia zwi\u0105zane z przetwarzaniem Twoich danych osobowych:<\/p>\n\n\n\n<ul class=\"wp-block-list\">\n<li>prawo dost\u0119pu do informacji,&nbsp;<\/li>\n\n\n\n<li>prawo dost\u0119pu do danych osobowych,<\/li>\n\n\n\n<li>prawo do sprostowania danych osobowych,<\/li>\n\n\n\n<li>prawo do usuni\u0119cia danych osobowych, prawo do bycia zapomnianym,<\/li>\n\n\n\n<li>prawo do ograniczenia przetwarzania danych osobowych,<\/li>\n\n\n\n<li>prawo do wniesienia sprzeciwu co do przetwarzania danych osobowych,<\/li>\n\n\n\n<li>prawo do przenoszenia danych,<\/li>\n\n\n\n<li>prawo do wniesienia skargi do organu nadzorczego.&nbsp;<\/li>\n<\/ul>\n\n\n\n<p><strong>ODBIORCY DANYCH OSOBOWYCH&nbsp;<\/strong><\/p>\n\n\n\n<ul class=\"wp-block-list\">\n<li>Twoje dane osobowe mog\u0105 zosta\u0107 przekazane podmiotom trzecim, z kt\u00f3rych us\u0142ug korzystam w zwi\u0105zku z prowadzeniem oraz dokonywaniem publikacji na mojej stronie internetowej&nbsp;<\/li>\n<\/ul>\n\n\n\n<p>Te podmioty to:&nbsp;<\/p>\n\n\n\n<p>a) Podmioty przetwarzaj\u0105ce dane w obszarze Unii Europejskiej: &nbsp;<\/p>\n\n\n\n<ul class=\"wp-block-list\">\n<li>Kr-cpd (Krakowskie Centrum Przetwarzania Danych) \u2013&nbsp; w celu przechowywania danych osobowych na serwerze;&nbsp;<\/li>\n\n\n\n<li>Google Ireland Limited \u2013 w celu korzystania z poczty e-mail funkcjonuj\u0105cej w oparciu o serwery Google;&nbsp;<\/li>\n\n\n\n<li>Osoby, kt\u00f3re przy \u015bwiadczeniu na moj\u0105 rzecz us\u0142ug zwi\u0105zanych ze wsparciem technicznym strony internetowej mog\u0105 potencjalnie uzyska\u0107 dost\u0119p do Twoich danych osobowych;<\/li>\n<\/ul>\n\n\n\n<p>&nbsp;&nbsp; b) Podmioty przetwarzaj\u0105ce dane poza terytorium Unii Europejskiej:<\/p>\n\n\n\n<ul class=\"wp-block-list\">\n<li>Google LLC \u2013 korzystanie z us\u0142ug poczty, Google Analytics do analizy statystyk stron;<\/li>\n\n\n\n<li>Facebook, Facebook Pixel \u2013 wtyczki spo\u0142eczno\u015bciowe, system komentowania;&nbsp;<\/li>\n\n\n\n<li>Cel i zakres gromadzenia danych oraz ich dalszego przetwarzania i wykorzystania przez us\u0142ugodawc\u00f3w, jak r\u00f3wnie\u017c mo\u017cliwo\u015b\u0107 kontaktu oraz Twoje prawa w tym zakresie i&nbsp;mo\u017cliwo\u015b\u0107 dokonania ustawie\u0144 zapewniaj\u0105cych ochron\u0119 Twojej prywatno\u015bci zosta\u0142y opisane w polityce prywatno\u015bci poszczeg\u00f3lnych podmiot\u00f3w:<\/li>\n\n\n\n<li>YouTube \u2013 <a href=\"https:\/\/support.google.com\/youtube\/answer\/7671399\" target=\"_blank\" rel=\"noreferrer noopener\">https:\/\/support.google.com\/youtube\/answer\/7671399<\/a>,&nbsp;<\/li>\n\n\n\n<li>Facebook \u2013&nbsp;<a href=\"https:\/\/web.archive.org\/web\/20220807200018\/https:\/\/www.facebook.com\/legal\/FB_Work_Privacy\">https:\/\/www.facebook.com\/legal\/FB_Work_Privacy<\/a>,&nbsp;<\/li>\n\n\n\n<li>Instagram \u2013&nbsp;<a href=\"https:\/\/help.instagram.com\/519522125107875?helpref=page_content\" target=\"_blank\" rel=\"noreferrer noopener\">https:\/\/help.instagram.com\/519522125107875?helpref=page_content<\/a>,<\/li>\n\n\n\n<li>Google \u2013&nbsp;<a href=\"https:\/\/web.archive.org\/web\/20220807200018\/https:\/\/policies.google.com\/privacy?hl=pl\">h<\/a><a href=\"https:\/\/policies.google.com\/privacy?hl=pl\" target=\"_blank\" rel=\"noreferrer noopener\">ttps:\/\/policies.google.com\/privacy?hl=pl<\/a>.<\/li>\n<\/ul>\n\n\n\n<p><strong>PLIKI COOKIES&nbsp;<\/strong><\/p>\n\n\n\n<ul class=\"wp-block-list\">\n<li>Strona internetowa www.jolaszymanska.pl u\u017cywa plik\u00f3w&nbsp;cookies. Podczas pierwszej wizyty na stronie wy\u015bwietlana jest informacja na temat stosowania plik\u00f3w cookies. Brak zmiany ustawie\u0144 przegl\u0105darki jest r\u00f3wnoznaczny z wyra\u017ceniem zgody na ich u\u017cycie.&nbsp;&nbsp;<\/li>\n\n\n\n<li>Pliki cookies to kr\u00f3tkie informacje tekstowe, zapisywane na komputerze, telefonie czy te\u017c innym urz\u0105dzeniu, z kt\u00f3rego korzystasz. Mog\u0105 by\u0107 one odczytywane przeze mnie&nbsp; \u2013 cookies w\u0142asne, kt\u00f3re wykorzystuj\u0119 w celu zapewnienia prawid\u0142owego dzia\u0142ania tej strony, a tak\u017ce przez systemy nale\u017c\u0105ce do innych podmiot\u00f3w, z kt\u00f3rych us\u0142ug korzystam- cookies zewn\u0119trzne.<\/li>\n\n\n\n<li>Masz prawo do zmiany ustawie\u0144 plik\u00f3w cookies albo ich usuni\u0119cia.&nbsp;<\/li>\n\n\n\n<li>Pliki cookies stosowane w serwisie nie przechowuj\u0105 danych osobowych ani innych informacji zebranych od Ciebie.&nbsp;<\/li>\n\n\n\n<li>Strona internetowa www.jolaszymanska.pl wykorzystuje cookies m.in. do:<\/li>\n\n\n\n<li>zidentyfikowania sesji przegl\u0105darki, co umo\u017cliwia korzystanie z funkcji tej strony,&nbsp;<\/li>\n\n\n\n<li>ulepszenia bezpiecze\u0144stwa oraz szybko\u015bci korzystania ze&nbsp;strony,<\/li>\n\n\n\n<li>korzysta\u0107 z&nbsp;narz\u0119dzi analitycznych oraz marketingowych<\/li>\n<\/ul>\n\n\n\n<p>6. Strona internetowa www.jolaszymanska.pl wykorzystuje nast\u0119puj\u0105ce technologie \u015bledz\u0105ce:&nbsp;<\/p>\n\n\n\n<ul class=\"wp-block-list\">\n<li>Google Analytics, Pixel Facebooka, wtyczki i inne narz\u0119dzia zwi\u0105zane z mediami spo\u0142eczno\u015bciowymi takimi jak np. Facebook, YouTube czy Instagram<\/li>\n<\/ul>\n\n\n\n<p><strong>LOGI SERWERA&nbsp;<\/strong><\/p>\n\n\n\n<ul class=\"wp-block-list\">\n<li>Korzystanie ze&nbsp;strony wi\u0105\u017ce si\u0119 z&nbsp;przesy\u0142aniem zapyta\u0144 do&nbsp;serwera, na&nbsp;kt\u00f3rym&nbsp;znajduje jest strona.<\/li>\n\n\n\n<li>Ka\u017cde zapytanie skierowane do&nbsp;serwera zapisywane jest w&nbsp;logach serwera, kt\u00f3re obejmuj\u0105 m.in. adres IP, dat\u0119 i czas serwera, informacje o przegl\u0105darce internetowej i systemie operacyjnym, z kt\u00f3rego korzystasz.<\/li>\n\n\n\n<li>Dane zapisane w&nbsp;logach serwera nie&nbsp;s\u0105 kojarzone z&nbsp;konkretnymi osobami korzystaj\u0105cymi ze&nbsp;serwisu i&nbsp;s\u0105 wykorzystywane jako materia\u0142 pomocniczy s\u0142u\u017c\u0105cy do administracji. Ich zawarto\u015b\u0107 nie&nbsp;jest ujawniana nikomu poza osobami upowa\u017cnionymi do&nbsp;administrowania serwerem.<\/li>\n<\/ul>\n\n\n\n<p><strong>POSTANOWIENIA KO\u0143COWE&nbsp;<\/strong><\/p>\n\n\n\n<p>1. Wszystkie tre\u015bci umieszczone na stronie www.jolaszymanska.pl stanowi\u0105 przedmiot moich praw autorskich. Nie wyra\u017cam zgody na kopiowanie tre\u015bci w ca\u0142o\u015bci lub cz\u0119\u015bci bez mojej wyra\u017anej, uprzedniej zgody. Je\u015bli musisz skopiowa\u0107 to zr\u00f3b to jedynie na u\u017cytek osobisty.&nbsp;<\/p>\n\n\n\n<p>2. Jeste\u015b zobowi\u0105zana\/zobowi\u0105zany jest do korzystania z mojej strony internetowej w spos\u00f3b zgodny z prawem i dobrymi obyczajami, maj\u0105c na uwadze poszanowanie d\u00f3br osobistych i praw w\u0142asno\u015bci intelektualnej os\u00f3b trzecich.&nbsp;<\/p>\n\n\n\n<p><\/p>\n","protected":false},"excerpt":{"rendered":"<p>Mi\u0142o Ci\u0119 tu widzie\u0107, To dla mnie znak, \u017ce ochrona prywatno\u015bci jest dla Ciebie wa\u017cna i nale\u017cysz do w\u0105skiego grona odbiorc\u00f3w tre\u015bci internetowych, kt\u00f3rzy maj\u0105 \u015bwiadomo\u015b\u0107 jak istotnym kapita\u0142em s\u0105 dane osobowe.\u00a0 W dokumencie znajdziesz zasady przetwarzania danych osobowych oraz wykorzystywania plik\u00f3w cookies i innych technologii w zwi\u0105zku z&nbsp;korzystaniem ze strony internetowej www.jolaszymanska.pl.&nbsp; &nbsp; POLITYKA PRYWATNO\u015aCI W SKR\u00d3CIE PODSTAWOWE ZASADY DANE OSOBOWE PRZETWARZANIE DANYCH&nbsp; 1. Dane osobowe przekazywane przez Ciebie w ramach funkcjonowania strony internetowej www.jolaszymanska.pl mog\u0105 by\u0107 przetwarzane w nast\u0119puj\u0105cych celach i na nast\u0119puj\u0105cych podstawach prawnych: 2. RODO przyznaje Ci nast\u0119puj\u0105ce uprawnienia zwi\u0105zane z przetwarzaniem Twoich danych osobowych: ODBIORCY DANYCH OSOBOWYCH&nbsp; Te podmioty to:&nbsp; a) Podmioty przetwarzaj\u0105ce dane w obszarze Unii Europejskiej: &nbsp; &nbsp;&nbsp; b) Podmioty przetwarzaj\u0105ce dane poza terytorium Unii Europejskiej: PLIKI COOKIES&nbsp; 6. Strona internetowa www.jolaszymanska.pl wykorzystuje nast\u0119puj\u0105ce technologie \u015bledz\u0105ce:&nbsp; LOGI SERWERA&nbsp; POSTANOWIENIA KO\u0143COWE&nbsp; 1. Wszystkie tre\u015bci umieszczone na stronie www.jolaszymanska.pl stanowi\u0105 przedmiot moich praw autorskich. Nie wyra\u017cam zgody na kopiowanie tre\u015bci w ca\u0142o\u015bci lub cz\u0119\u015bci bez mojej wyra\u017anej, uprzedniej zgody. Je\u015bli musisz skopiowa\u0107 to zr\u00f3b to jedynie na u\u017cytek osobisty.&nbsp; 2. Jeste\u015b zobowi\u0105zana\/zobowi\u0105zany jest do korzystania z mojej strony internetowej w spos\u00f3b zgodny z prawem i dobrymi obyczajami, maj\u0105c na uwadze poszanowanie d\u00f3br osobistych i praw w\u0142asno\u015bci intelektualnej os\u00f3b trzecich.&nbsp;<\/p>\n","protected":false},"author":1,"featured_media":0,"parent":0,"menu_order":0,"comment_status":"closed","ping_status":"closed","template":"","meta":{"footnotes":""},"class_list":["post-21","page","type-page","status-publish","hentry"],"_links":{"self":[{"href":"https:\/\/jolaszymanska.pl\/index.php\/wp-json\/wp\/v2\/pages\/21","targetHints":{"allow":["GET"]}}],"collection":[{"href":"https:\/\/jolaszymanska.pl\/index.php\/wp-json\/wp\/v2\/pages"}],"about":[{"href":"https:\/\/jolaszymanska.pl\/index.php\/wp-json\/wp\/v2\/types\/page"}],"author":[{"embeddable":true,"href":"https:\/\/jolaszymanska.pl\/index.php\/wp-json\/wp\/v2\/users\/1"}],"replies":[{"embeddable":true,"href":"https:\/\/jolaszymanska.pl\/index.php\/wp-json\/wp\/v2\/comments?post=21"}],"version-history":[{"count":5,"href":"https:\/\/jolaszymanska.pl\/index.php\/wp-json\/wp\/v2\/pages\/21\/revisions"}],"predecessor-version":[{"id":59,"href":"https:\/\/jolaszymanska.pl\/index.php\/wp-json\/wp\/v2\/pages\/21\/revisions\/59"}],"wp:attachment":[{"href":"https:\/\/jolaszymanska.pl\/index.php\/wp-json\/wp\/v2\/media?parent=21"}],"curies":[{"name":"wp","href":"https:\/\/api.w.org\/{rel}","templated":true}]}}